
		{"id":7,"date":"2021-07-01T21:41:56","date_gmt":"2021-07-01T21:41:56","guid":{"rendered":"https:\/\/arturszelag.pl\/?page_id=7"},"modified":"2023-09-26T12:19:28","modified_gmt":"2023-09-26T12:19:28","slug":"artur-szelag","status":"publish","type":"page","link":"https:\/\/arturszelag.pl\/","title":{"rendered":"Home"},"content":{"rendered":"\t\t<div data-elementor-type=\"wp-page\" data-elementor-id=\"7\" class=\"elementor elementor-7\">\n\t\t\t\t\t\t<section class=\"elementor-section elementor-top-section elementor-element elementor-element-b719fca elementor-section-content-space-between animated-slow elementor-section-full_width elementor-section-height-default elementor-section-height-default\" data-id=\"b719fca\" data-element_type=\"section\" data-settings=\"{&quot;animation&quot;:&quot;none&quot;,&quot;background_background&quot;:&quot;classic&quot;}\">\n\t\t\t\t\t\t\t<div class=\"elementor-background-overlay\"><\/div>\n\t\t\t\t\t\t\t<div class=\"elementor-container elementor-column-gap-narrow\">\n\t\t\t\t\t<div class=\"elementor-column elementor-col-100 elementor-top-column elementor-element elementor-element-9f4a54f\" data-id=\"9f4a54f\" data-element_type=\"column\">\n\t\t\t<div class=\"elementor-widget-wrap elementor-element-populated\">\n\t\t\t\t\t\t<section class=\"elementor-section elementor-inner-section elementor-element elementor-element-90302b7 animated-slow elementor-section-full_width elementor-section-content-top elementor-section-height-default elementor-section-height-default elementor-invisible\" data-id=\"90302b7\" data-element_type=\"section\" data-settings=\"{&quot;background_background&quot;:&quot;classic&quot;,&quot;animation&quot;:&quot;fadeInRight&quot;,&quot;animation_delay&quot;:0}\">\n\t\t\t\t\t\t<div class=\"elementor-container elementor-column-gap-default\">\n\t\t\t\t\t<div class=\"elementor-column elementor-col-50 elementor-inner-column elementor-element elementor-element-bdd307d\" data-id=\"bdd307d\" data-element_type=\"column\">\n\t\t\t<div class=\"elementor-widget-wrap elementor-element-populated\">\n\t\t\t\t\t\t<div class=\"elementor-element elementor-element-4b43b4c elementor-view-default elementor-widget elementor-widget-icon\" data-id=\"4b43b4c\" data-element_type=\"widget\" data-widget_type=\"icon.default\">\n\t\t\t\t<div class=\"elementor-widget-container\">\n\t\t\t\t\t\t\t<div class=\"elementor-icon-wrapper\">\n\t\t\t<div class=\"elementor-icon\">\n\t\t\t<i aria-hidden=\"true\" class=\"fas fa-laptop-medical\"><\/i>\t\t\t<\/div>\n\t\t<\/div>\n\t\t\t\t\t\t<\/div>\n\t\t\t\t<\/div>\n\t\t\t\t\t<\/div>\n\t\t<\/div>\n\t\t\t\t<div class=\"elementor-column elementor-col-50 elementor-inner-column elementor-element elementor-element-ad9c32b\" data-id=\"ad9c32b\" data-element_type=\"column\">\n\t\t\t<div class=\"elementor-widget-wrap elementor-element-populated\">\n\t\t\t\t\t\t<div class=\"elementor-element elementor-element-8e3f88d elementor-widget elementor-widget-heading\" data-id=\"8e3f88d\" data-element_type=\"widget\" data-widget_type=\"heading.default\">\n\t\t\t\t<div class=\"elementor-widget-container\">\n\t\t\t\t\t<h6 class=\"elementor-heading-title elementor-size-medium\">Naprawy laptop\u00f3w<\/h6>\t\t\t\t<\/div>\n\t\t\t\t<\/div>\n\t\t\t\t<div class=\"elementor-element elementor-element-5b3e78f elementor-widget elementor-widget-text-editor\" data-id=\"5b3e78f\" data-element_type=\"widget\" data-widget_type=\"text-editor.default\">\n\t\t\t\t<div class=\"elementor-widget-container\">\n\t\t\t\t\t\t\t\t\t<p>po zalniach, p\u0119kni\u0119cia, uszkodzenia mechaniczne, reanimacja ci\u0119\u017ckich przypadk\u00f3w.<\/p>\t\t\t\t\t\t\t\t<\/div>\n\t\t\t\t<\/div>\n\t\t\t\t<div class=\"elementor-element elementor-element-e61a47d elementor-widget elementor-widget-spacer\" data-id=\"e61a47d\" data-element_type=\"widget\" data-widget_type=\"spacer.default\">\n\t\t\t\t<div class=\"elementor-widget-container\">\n\t\t\t\t\t\t\t<div class=\"elementor-spacer\">\n\t\t\t<div class=\"elementor-spacer-inner\"><\/div>\n\t\t<\/div>\n\t\t\t\t\t\t<\/div>\n\t\t\t\t<\/div>\n\t\t\t\t\t<\/div>\n\t\t<\/div>\n\t\t\t\t\t<\/div>\n\t\t<\/section>\n\t\t\t\t<section class=\"elementor-section elementor-inner-section elementor-element elementor-element-da45cd9 animated-slow elementor-section-full_width elementor-section-content-top elementor-section-height-default elementor-section-height-default elementor-invisible\" data-id=\"da45cd9\" data-element_type=\"section\" data-settings=\"{&quot;background_background&quot;:&quot;classic&quot;,&quot;animation&quot;:&quot;fadeInRight&quot;,&quot;animation_delay&quot;:100}\">\n\t\t\t\t\t\t<div class=\"elementor-container elementor-column-gap-default\">\n\t\t\t\t\t<div class=\"elementor-column elementor-col-50 elementor-inner-column elementor-element elementor-element-c6f7986\" data-id=\"c6f7986\" data-element_type=\"column\">\n\t\t\t<div class=\"elementor-widget-wrap elementor-element-populated\">\n\t\t\t\t\t\t<div class=\"elementor-element elementor-element-cd552da elementor-view-default elementor-widget elementor-widget-icon\" data-id=\"cd552da\" data-element_type=\"widget\" data-widget_type=\"icon.default\">\n\t\t\t\t<div class=\"elementor-widget-container\">\n\t\t\t\t\t\t\t<div class=\"elementor-icon-wrapper\">\n\t\t\t<div class=\"elementor-icon\">\n\t\t\t<i aria-hidden=\"true\" class=\"fas fa-project-diagram\"><\/i>\t\t\t<\/div>\n\t\t<\/div>\n\t\t\t\t\t\t<\/div>\n\t\t\t\t<\/div>\n\t\t\t\t\t<\/div>\n\t\t<\/div>\n\t\t\t\t<div class=\"elementor-column elementor-col-50 elementor-inner-column elementor-element elementor-element-bf2c816\" data-id=\"bf2c816\" data-element_type=\"column\">\n\t\t\t<div class=\"elementor-widget-wrap elementor-element-populated\">\n\t\t\t\t\t\t<div class=\"elementor-element elementor-element-0d8334f elementor-widget elementor-widget-heading\" data-id=\"0d8334f\" data-element_type=\"widget\" data-widget_type=\"heading.default\">\n\t\t\t\t<div class=\"elementor-widget-container\">\n\t\t\t\t\t<h6 class=\"elementor-heading-title elementor-size-medium\">Projektowanie <\/h6>\t\t\t\t<\/div>\n\t\t\t\t<\/div>\n\t\t\t\t<div class=\"elementor-element elementor-element-e749aaa elementor-widget elementor-widget-text-editor\" data-id=\"e749aaa\" data-element_type=\"widget\" data-widget_type=\"text-editor.default\">\n\t\t\t\t<div class=\"elementor-widget-container\">\n\t\t\t\t\t\t\t\t\t<p>budowa i projektownie urz\u0105dze\u0144 IoT w oparciu o modu\u0142y lub od podstaw.<\/p>\t\t\t\t\t\t\t\t<\/div>\n\t\t\t\t<\/div>\n\t\t\t\t<div class=\"elementor-element elementor-element-ada6dd1 elementor-widget elementor-widget-spacer\" data-id=\"ada6dd1\" data-element_type=\"widget\" data-widget_type=\"spacer.default\">\n\t\t\t\t<div class=\"elementor-widget-container\">\n\t\t\t\t\t\t\t<div class=\"elementor-spacer\">\n\t\t\t<div class=\"elementor-spacer-inner\"><\/div>\n\t\t<\/div>\n\t\t\t\t\t\t<\/div>\n\t\t\t\t<\/div>\n\t\t\t\t\t<\/div>\n\t\t<\/div>\n\t\t\t\t\t<\/div>\n\t\t<\/section>\n\t\t\t\t<section class=\"elementor-section elementor-inner-section elementor-element elementor-element-5c94100 animated-slow elementor-section-full_width elementor-section-content-top elementor-section-height-default elementor-section-height-default elementor-invisible\" data-id=\"5c94100\" data-element_type=\"section\" data-settings=\"{&quot;background_background&quot;:&quot;classic&quot;,&quot;animation&quot;:&quot;fadeInRight&quot;,&quot;animation_delay&quot;:200}\">\n\t\t\t\t\t\t<div class=\"elementor-container elementor-column-gap-default\">\n\t\t\t\t\t<div class=\"elementor-column elementor-col-50 elementor-inner-column elementor-element elementor-element-7a3cebb\" data-id=\"7a3cebb\" data-element_type=\"column\">\n\t\t\t<div class=\"elementor-widget-wrap elementor-element-populated\">\n\t\t\t\t\t\t<div class=\"elementor-element elementor-element-fe38f5b elementor-view-default elementor-widget elementor-widget-icon\" data-id=\"fe38f5b\" data-element_type=\"widget\" data-widget_type=\"icon.default\">\n\t\t\t\t<div class=\"elementor-widget-container\">\n\t\t\t\t\t\t\t<div class=\"elementor-icon-wrapper\">\n\t\t\t<div class=\"elementor-icon\">\n\t\t\t<i aria-hidden=\"true\" class=\"fab fa-java\"><\/i>\t\t\t<\/div>\n\t\t<\/div>\n\t\t\t\t\t\t<\/div>\n\t\t\t\t<\/div>\n\t\t\t\t\t<\/div>\n\t\t<\/div>\n\t\t\t\t<div class=\"elementor-column elementor-col-50 elementor-inner-column elementor-element elementor-element-f26856e\" data-id=\"f26856e\" data-element_type=\"column\">\n\t\t\t<div class=\"elementor-widget-wrap elementor-element-populated\">\n\t\t\t\t\t\t<div class=\"elementor-element elementor-element-2cb52a4 elementor-widget elementor-widget-heading\" data-id=\"2cb52a4\" data-element_type=\"widget\" data-widget_type=\"heading.default\">\n\t\t\t\t<div class=\"elementor-widget-container\">\n\t\t\t\t\t<h6 class=\"elementor-heading-title elementor-size-medium\">Programowanie<\/h6>\t\t\t\t<\/div>\n\t\t\t\t<\/div>\n\t\t\t\t<div class=\"elementor-element elementor-element-6553817 elementor-widget elementor-widget-text-editor\" data-id=\"6553817\" data-element_type=\"widget\" data-widget_type=\"text-editor.default\">\n\t\t\t\t<div class=\"elementor-widget-container\">\n\t\t\t\t\t\t\t\t\t<p>strton www, oprogramowanie dla mikrokontroler\u00f3w avr ora stm<\/p>\t\t\t\t\t\t\t\t<\/div>\n\t\t\t\t<\/div>\n\t\t\t\t<div class=\"elementor-element elementor-element-64c986c elementor-widget elementor-widget-spacer\" data-id=\"64c986c\" data-element_type=\"widget\" data-widget_type=\"spacer.default\">\n\t\t\t\t<div class=\"elementor-widget-container\">\n\t\t\t\t\t\t\t<div class=\"elementor-spacer\">\n\t\t\t<div class=\"elementor-spacer-inner\"><\/div>\n\t\t<\/div>\n\t\t\t\t\t\t<\/div>\n\t\t\t\t<\/div>\n\t\t\t\t\t<\/div>\n\t\t<\/div>\n\t\t\t\t\t<\/div>\n\t\t<\/section>\n\t\t\t\t<section class=\"elementor-section elementor-inner-section elementor-element elementor-element-55e50a7 animated-slow elementor-section-full_width elementor-section-content-top elementor-section-height-default elementor-section-height-default elementor-invisible\" data-id=\"55e50a7\" data-element_type=\"section\" data-settings=\"{&quot;background_background&quot;:&quot;classic&quot;,&quot;animation&quot;:&quot;fadeInRight&quot;,&quot;animation_delay&quot;:300}\">\n\t\t\t\t\t\t<div class=\"elementor-container elementor-column-gap-default\">\n\t\t\t\t\t<div class=\"elementor-column elementor-col-50 elementor-inner-column elementor-element elementor-element-24001bb\" data-id=\"24001bb\" data-element_type=\"column\">\n\t\t\t<div class=\"elementor-widget-wrap elementor-element-populated\">\n\t\t\t\t\t\t<div class=\"elementor-element elementor-element-de991b5 elementor-view-default elementor-widget elementor-widget-icon\" data-id=\"de991b5\" data-element_type=\"widget\" data-widget_type=\"icon.default\">\n\t\t\t\t<div class=\"elementor-widget-container\">\n\t\t\t\t\t\t\t<div class=\"elementor-icon-wrapper\">\n\t\t\t<div class=\"elementor-icon\">\n\t\t\t<i aria-hidden=\"true\" class=\"fab fa-connectdevelop\"><\/i>\t\t\t<\/div>\n\t\t<\/div>\n\t\t\t\t\t\t<\/div>\n\t\t\t\t<\/div>\n\t\t\t\t\t<\/div>\n\t\t<\/div>\n\t\t\t\t<div class=\"elementor-column elementor-col-50 elementor-inner-column elementor-element elementor-element-45a4817\" data-id=\"45a4817\" data-element_type=\"column\">\n\t\t\t<div class=\"elementor-widget-wrap elementor-element-populated\">\n\t\t\t\t\t\t<div class=\"elementor-element elementor-element-f9f922c elementor-widget elementor-widget-heading\" data-id=\"f9f922c\" data-element_type=\"widget\" data-widget_type=\"heading.default\">\n\t\t\t\t<div class=\"elementor-widget-container\">\n\t\t\t\t\t<h6 class=\"elementor-heading-title elementor-size-medium\">Druk 3D<\/h6>\t\t\t\t<\/div>\n\t\t\t\t<\/div>\n\t\t\t\t<div class=\"elementor-element elementor-element-e9927aa elementor-widget elementor-widget-text-editor\" data-id=\"e9927aa\" data-element_type=\"widget\" data-widget_type=\"text-editor.default\">\n\t\t\t\t<div class=\"elementor-widget-container\">\n\t\t\t\t\t\t\t\t\t<p>Projektowanie oraz wydruk w technologii FDM<\/p>\t\t\t\t\t\t\t\t<\/div>\n\t\t\t\t<\/div>\n\t\t\t\t<div class=\"elementor-element elementor-element-eef9677 elementor-widget elementor-widget-spacer\" data-id=\"eef9677\" data-element_type=\"widget\" data-widget_type=\"spacer.default\">\n\t\t\t\t<div class=\"elementor-widget-container\">\n\t\t\t\t\t\t\t<div class=\"elementor-spacer\">\n\t\t\t<div class=\"elementor-spacer-inner\"><\/div>\n\t\t<\/div>\n\t\t\t\t\t\t<\/div>\n\t\t\t\t<\/div>\n\t\t\t\t\t<\/div>\n\t\t<\/div>\n\t\t\t\t\t<\/div>\n\t\t<\/section>\n\t\t\t\t<section class=\"elementor-section elementor-inner-section elementor-element elementor-element-28da60d animated-slow elementor-section-full_width elementor-section-content-top elementor-section-height-default elementor-section-height-default elementor-invisible\" data-id=\"28da60d\" data-element_type=\"section\" data-settings=\"{&quot;background_background&quot;:&quot;classic&quot;,&quot;animation&quot;:&quot;fadeInRight&quot;,&quot;animation_delay&quot;:400}\">\n\t\t\t\t\t\t<div class=\"elementor-container elementor-column-gap-default\">\n\t\t\t\t\t<div class=\"elementor-column elementor-col-50 elementor-inner-column elementor-element elementor-element-e45fbf0\" data-id=\"e45fbf0\" data-element_type=\"column\">\n\t\t\t<div class=\"elementor-widget-wrap elementor-element-populated\">\n\t\t\t\t\t\t<div class=\"elementor-element elementor-element-374179f elementor-view-default elementor-widget elementor-widget-icon\" data-id=\"374179f\" data-element_type=\"widget\" data-widget_type=\"icon.default\">\n\t\t\t\t<div class=\"elementor-widget-container\">\n\t\t\t\t\t\t\t<div class=\"elementor-icon-wrapper\">\n\t\t\t<div class=\"elementor-icon\">\n\t\t\t<i aria-hidden=\"true\" class=\"fas fa-database\"><\/i>\t\t\t<\/div>\n\t\t<\/div>\n\t\t\t\t\t\t<\/div>\n\t\t\t\t<\/div>\n\t\t\t\t\t<\/div>\n\t\t<\/div>\n\t\t\t\t<div class=\"elementor-column elementor-col-50 elementor-inner-column elementor-element elementor-element-1e86c99\" data-id=\"1e86c99\" data-element_type=\"column\">\n\t\t\t<div class=\"elementor-widget-wrap elementor-element-populated\">\n\t\t\t\t\t\t<div class=\"elementor-element elementor-element-b366b93 elementor-widget elementor-widget-heading\" data-id=\"b366b93\" data-element_type=\"widget\" data-widget_type=\"heading.default\">\n\t\t\t\t<div class=\"elementor-widget-container\">\n\t\t\t\t\t<h6 class=\"elementor-heading-title elementor-size-medium\">Odzyskiwanie danych<\/h6>\t\t\t\t<\/div>\n\t\t\t\t<\/div>\n\t\t\t\t<div class=\"elementor-element elementor-element-fa0ed6a elementor-widget elementor-widget-text-editor\" data-id=\"fa0ed6a\" data-element_type=\"widget\" data-widget_type=\"text-editor.default\">\n\t\t\t\t<div class=\"elementor-widget-container\">\n\t\t\t\t\t\t\t\t\t<p>\u00a0z no\u015bnik\u00f3w takich jak: dyski twarde, pendrive, karty pami\u0119ci.<\/p>\t\t\t\t\t\t\t\t<\/div>\n\t\t\t\t<\/div>\n\t\t\t\t<div class=\"elementor-element elementor-element-b6a3be3 elementor-widget elementor-widget-spacer\" data-id=\"b6a3be3\" data-element_type=\"widget\" data-widget_type=\"spacer.default\">\n\t\t\t\t<div class=\"elementor-widget-container\">\n\t\t\t\t\t\t\t<div class=\"elementor-spacer\">\n\t\t\t<div class=\"elementor-spacer-inner\"><\/div>\n\t\t<\/div>\n\t\t\t\t\t\t<\/div>\n\t\t\t\t<\/div>\n\t\t\t\t\t<\/div>\n\t\t<\/div>\n\t\t\t\t\t<\/div>\n\t\t<\/section>\n\t\t\t\t\t<\/div>\n\t\t<\/div>\n\t\t\t\t\t<\/div>\n\t\t<\/section>\n\t\t\t\t<\/div>\n\t\t","protected":false},"excerpt":{"rendered":"<p>Naprawy laptop\u00f3w po zalniach, p\u0119kni\u0119cia, uszkodzenia mechaniczne, reanimacja ci\u0119\u017ckich przypadk\u00f3w. Projektowanie budowa i projektownie urz\u0105dze\u0144 IoT w oparciu o modu\u0142y lub od podstaw. Programowanie strton www, oprogramowanie dla mikrokontroler\u00f3w avr ora stm Druk 3D Projektowanie oraz wydruk w technologii FDM Odzyskiwanie danych &nbsp;z no\u015bnik\u00f3w takich jak: dyski twarde, pendrive, karty pami\u0119ci.<\/p>\n","protected":false},"author":1,"featured_media":0,"parent":0,"menu_order":0,"comment_status":"closed","ping_status":"closed","template":"elementor_header_footer","meta":{"footnotes":""},"class_list":["post-7","page","type-page","status-publish","hentry"],"yoast_head":"<!-- This site is optimized with the Yoast SEO plugin v24.6 - https:\/\/yoast.com\/wordpress\/plugins\/seo\/ -->\n<title>Freelancer Artur Szel\u0105g<\/title>\n<meta name=\"description\" content=\"Jestem 28 letnim magistrem informatyki, 10 lat podejmuj\u0119 wsp\u00f3\u0142prac\u0119 z firmami r\u00f3\u017cnych bran\u017c. G\u0142\u00f3wnie zajmuj\u0119 si\u0119 naprawami komputer\u00f3w i elektroniki u\u017cytkowej, a w szczeg\u00f3lno\u015bci diagnostyk\u0105 p\u0142yt g\u0142\u00f3wnych laptop\u00f3w. Ponadto zajmuj\u0119 si\u0119 budowaniem urz\u0105dze\u0144 IoT, projektowaniem 3D.\" \/>\n<meta name=\"robots\" content=\"index, follow, max-snippet:-1, max-image-preview:large, max-video-preview:-1\" \/>\n<link rel=\"canonical\" href=\"https:\/\/arturszelag.pl\/\" \/>\n<meta property=\"og:locale\" content=\"pl_PL\" \/>\n<meta property=\"og:type\" content=\"article\" \/>\n<meta property=\"og:title\" content=\"Freelancer Artur Szel\u0105g\" \/>\n<meta property=\"og:description\" content=\"Jestem 28 letnim magistrem informatyki, 10 lat podejmuj\u0119 wsp\u00f3\u0142prac\u0119 z firmami r\u00f3\u017cnych bran\u017c. G\u0142\u00f3wnie zajmuj\u0119 si\u0119 naprawami komputer\u00f3w i elektroniki u\u017cytkowej, a w szczeg\u00f3lno\u015bci diagnostyk\u0105 p\u0142yt g\u0142\u00f3wnych laptop\u00f3w. Ponadto zajmuj\u0119 si\u0119 budowaniem urz\u0105dze\u0144 IoT, projektowaniem 3D.\" \/>\n<meta property=\"og:url\" content=\"https:\/\/arturszelag.pl\/\" \/>\n<meta property=\"og:site_name\" content=\"Freelancer Artur Szel\u0105g\" \/>\n<meta property=\"article:modified_time\" content=\"2023-09-26T12:19:28+00:00\" \/>\n<meta property=\"og:image\" content=\"https:\/\/arturszelag.pl\/wp-content\/uploads\/2021\/07\/10419555_995494057134887_7334678026324622249_n.jpg\" \/>\n\t<meta property=\"og:image:width\" content=\"540\" \/>\n\t<meta property=\"og:image:height\" content=\"540\" \/>\n\t<meta property=\"og:image:type\" content=\"image\/jpeg\" \/>\n<meta name=\"twitter:card\" content=\"summary_large_image\" \/>\n<meta name=\"twitter:label1\" content=\"Szacowany czas czytania\" \/>\n\t<meta name=\"twitter:data1\" content=\"1 minuta\" \/>\n<script type=\"application\/ld+json\" class=\"yoast-schema-graph\">{\"@context\":\"https:\/\/schema.org\",\"@graph\":[{\"@type\":\"WebPage\",\"@id\":\"https:\/\/arturszelag.pl\/\",\"url\":\"https:\/\/arturszelag.pl\/\",\"name\":\"Freelancer Artur Szel\u0105g\",\"isPartOf\":{\"@id\":\"https:\/\/arturszelag.pl\/#website\"},\"datePublished\":\"2021-07-01T21:41:56+00:00\",\"dateModified\":\"2023-09-26T12:19:28+00:00\",\"description\":\"Jestem 28 letnim magistrem informatyki, 10 lat podejmuj\u0119 wsp\u00f3\u0142prac\u0119 z firmami r\u00f3\u017cnych bran\u017c. G\u0142\u00f3wnie zajmuj\u0119 si\u0119 naprawami komputer\u00f3w i elektroniki u\u017cytkowej, a w szczeg\u00f3lno\u015bci diagnostyk\u0105 p\u0142yt g\u0142\u00f3wnych laptop\u00f3w. Ponadto zajmuj\u0119 si\u0119 budowaniem urz\u0105dze\u0144 IoT, projektowaniem 3D.\",\"breadcrumb\":{\"@id\":\"https:\/\/arturszelag.pl\/#breadcrumb\"},\"inLanguage\":\"pl-PL\",\"potentialAction\":[{\"@type\":\"ReadAction\",\"target\":[\"https:\/\/arturszelag.pl\/\"]}]},{\"@type\":\"BreadcrumbList\",\"@id\":\"https:\/\/arturszelag.pl\/#breadcrumb\",\"itemListElement\":[{\"@type\":\"ListItem\",\"position\":1,\"name\":\"Strona g\u0142\u00f3wna\",\"item\":\"https:\/\/arturszelag.pl\/\"},{\"@type\":\"ListItem\",\"position\":2,\"name\":\"Home\"}]},{\"@type\":\"WebSite\",\"@id\":\"https:\/\/arturszelag.pl\/#website\",\"url\":\"https:\/\/arturszelag.pl\/\",\"name\":\"Freelancer Artur Szel\u0105g\",\"description\":\"\",\"publisher\":{\"@id\":\"https:\/\/arturszelag.pl\/#\/schema\/person\/b71c1301d06b16c7f449ce4d6904d5ec\"},\"potentialAction\":[{\"@type\":\"SearchAction\",\"target\":{\"@type\":\"EntryPoint\",\"urlTemplate\":\"https:\/\/arturszelag.pl\/?s={search_term_string}\"},\"query-input\":{\"@type\":\"PropertyValueSpecification\",\"valueRequired\":true,\"valueName\":\"search_term_string\"}}],\"inLanguage\":\"pl-PL\"},{\"@type\":[\"Person\",\"Organization\"],\"@id\":\"https:\/\/arturszelag.pl\/#\/schema\/person\/b71c1301d06b16c7f449ce4d6904d5ec\",\"name\":\"Artur Szel\u0105g\",\"image\":{\"@type\":\"ImageObject\",\"inLanguage\":\"pl-PL\",\"@id\":\"https:\/\/arturszelag.pl\/#\/schema\/person\/image\/\",\"url\":\"https:\/\/arturszelag.pl\/wp-content\/uploads\/2021\/07\/cropped-logo.png\",\"contentUrl\":\"https:\/\/arturszelag.pl\/wp-content\/uploads\/2021\/07\/cropped-logo.png\",\"width\":55,\"height\":55,\"caption\":\"Artur Szel\u0105g\"},\"logo\":{\"@id\":\"https:\/\/arturszelag.pl\/#\/schema\/person\/image\/\"},\"sameAs\":[\"http:\/\/arturszelag.pl\",\"admin\"]}]}<\/script>\n<!-- \/ Yoast SEO plugin. -->","yoast_head_json":{"title":"Freelancer Artur Szel\u0105g","description":"Jestem 28 letnim magistrem informatyki, 10 lat podejmuj\u0119 wsp\u00f3\u0142prac\u0119 z firmami r\u00f3\u017cnych bran\u017c. G\u0142\u00f3wnie zajmuj\u0119 si\u0119 naprawami komputer\u00f3w i elektroniki u\u017cytkowej, a w szczeg\u00f3lno\u015bci diagnostyk\u0105 p\u0142yt g\u0142\u00f3wnych laptop\u00f3w. Ponadto zajmuj\u0119 si\u0119 budowaniem urz\u0105dze\u0144 IoT, projektowaniem 3D.","robots":{"index":"index","follow":"follow","max-snippet":"max-snippet:-1","max-image-preview":"max-image-preview:large","max-video-preview":"max-video-preview:-1"},"canonical":"https:\/\/arturszelag.pl\/","og_locale":"pl_PL","og_type":"article","og_title":"Freelancer Artur Szel\u0105g","og_description":"Jestem 28 letnim magistrem informatyki, 10 lat podejmuj\u0119 wsp\u00f3\u0142prac\u0119 z firmami r\u00f3\u017cnych bran\u017c. G\u0142\u00f3wnie zajmuj\u0119 si\u0119 naprawami komputer\u00f3w i elektroniki u\u017cytkowej, a w szczeg\u00f3lno\u015bci diagnostyk\u0105 p\u0142yt g\u0142\u00f3wnych laptop\u00f3w. Ponadto zajmuj\u0119 si\u0119 budowaniem urz\u0105dze\u0144 IoT, projektowaniem 3D.","og_url":"https:\/\/arturszelag.pl\/","og_site_name":"Freelancer Artur Szel\u0105g","article_modified_time":"2023-09-26T12:19:28+00:00","og_image":[{"width":540,"height":540,"url":"https:\/\/arturszelag.pl\/wp-content\/uploads\/2021\/07\/10419555_995494057134887_7334678026324622249_n.jpg","type":"image\/jpeg"}],"twitter_card":"summary_large_image","twitter_misc":{"Szacowany czas czytania":"1 minuta"},"schema":{"@context":"https:\/\/schema.org","@graph":[{"@type":"WebPage","@id":"https:\/\/arturszelag.pl\/","url":"https:\/\/arturszelag.pl\/","name":"Freelancer Artur Szel\u0105g","isPartOf":{"@id":"https:\/\/arturszelag.pl\/#website"},"datePublished":"2021-07-01T21:41:56+00:00","dateModified":"2023-09-26T12:19:28+00:00","description":"Jestem 28 letnim magistrem informatyki, 10 lat podejmuj\u0119 wsp\u00f3\u0142prac\u0119 z firmami r\u00f3\u017cnych bran\u017c. G\u0142\u00f3wnie zajmuj\u0119 si\u0119 naprawami komputer\u00f3w i elektroniki u\u017cytkowej, a w szczeg\u00f3lno\u015bci diagnostyk\u0105 p\u0142yt g\u0142\u00f3wnych laptop\u00f3w. Ponadto zajmuj\u0119 si\u0119 budowaniem urz\u0105dze\u0144 IoT, projektowaniem 3D.","breadcrumb":{"@id":"https:\/\/arturszelag.pl\/#breadcrumb"},"inLanguage":"pl-PL","potentialAction":[{"@type":"ReadAction","target":["https:\/\/arturszelag.pl\/"]}]},{"@type":"BreadcrumbList","@id":"https:\/\/arturszelag.pl\/#breadcrumb","itemListElement":[{"@type":"ListItem","position":1,"name":"Strona g\u0142\u00f3wna","item":"https:\/\/arturszelag.pl\/"},{"@type":"ListItem","position":2,"name":"Home"}]},{"@type":"WebSite","@id":"https:\/\/arturszelag.pl\/#website","url":"https:\/\/arturszelag.pl\/","name":"Freelancer Artur Szel\u0105g","description":"","publisher":{"@id":"https:\/\/arturszelag.pl\/#\/schema\/person\/b71c1301d06b16c7f449ce4d6904d5ec"},"potentialAction":[{"@type":"SearchAction","target":{"@type":"EntryPoint","urlTemplate":"https:\/\/arturszelag.pl\/?s={search_term_string}"},"query-input":{"@type":"PropertyValueSpecification","valueRequired":true,"valueName":"search_term_string"}}],"inLanguage":"pl-PL"},{"@type":["Person","Organization"],"@id":"https:\/\/arturszelag.pl\/#\/schema\/person\/b71c1301d06b16c7f449ce4d6904d5ec","name":"Artur Szel\u0105g","image":{"@type":"ImageObject","inLanguage":"pl-PL","@id":"https:\/\/arturszelag.pl\/#\/schema\/person\/image\/","url":"https:\/\/arturszelag.pl\/wp-content\/uploads\/2021\/07\/cropped-logo.png","contentUrl":"https:\/\/arturszelag.pl\/wp-content\/uploads\/2021\/07\/cropped-logo.png","width":55,"height":55,"caption":"Artur Szel\u0105g"},"logo":{"@id":"https:\/\/arturszelag.pl\/#\/schema\/person\/image\/"},"sameAs":["http:\/\/arturszelag.pl","admin"]}]}},"_links":{"self":[{"href":"https:\/\/arturszelag.pl\/index.php?rest_route=\/wp\/v2\/pages\/7","targetHints":{"allow":["GET"]}}],"collection":[{"href":"https:\/\/arturszelag.pl\/index.php?rest_route=\/wp\/v2\/pages"}],"about":[{"href":"https:\/\/arturszelag.pl\/index.php?rest_route=\/wp\/v2\/types\/page"}],"author":[{"embeddable":true,"href":"https:\/\/arturszelag.pl\/index.php?rest_route=\/wp\/v2\/users\/1"}],"replies":[{"embeddable":true,"href":"https:\/\/arturszelag.pl\/index.php?rest_route=%2Fwp%2Fv2%2Fcomments&post=7"}],"version-history":[{"count":107,"href":"https:\/\/arturszelag.pl\/index.php?rest_route=\/wp\/v2\/pages\/7\/revisions"}],"predecessor-version":[{"id":811,"href":"https:\/\/arturszelag.pl\/index.php?rest_route=\/wp\/v2\/pages\/7\/revisions\/811"}],"wp:attachment":[{"href":"https:\/\/arturszelag.pl\/index.php?rest_route=%2Fwp%2Fv2%2Fmedia&parent=7"}],"curies":[{"name":"wp","href":"https:\/\/api.w.org\/{rel}","templated":true}]}}