
		{"id":31,"date":"2021-07-02T21:43:01","date_gmt":"2021-07-02T21:43:01","guid":{"rendered":"https:\/\/arturszelag.pl\/?page_id=31"},"modified":"2021-07-11T21:06:53","modified_gmt":"2021-07-11T21:06:53","slug":"cv","status":"publish","type":"page","link":"https:\/\/arturszelag.pl\/?page_id=31","title":{"rendered":"CV"},"content":{"rendered":"","protected":true},"excerpt":{"rendered":"","protected":true},"author":1,"featured_media":0,"parent":0,"menu_order":0,"comment_status":"closed","ping_status":"closed","template":"","meta":{"footnotes":""},"class_list":["post-31","page","type-page","status-publish","post-password-required","hentry"],"yoast_head":"<!-- This site is optimized with the Yoast SEO plugin v24.6 - https:\/\/yoast.com\/wordpress\/plugins\/seo\/ -->\n<title>CV - Freelancer Artur Szel\u0105g<\/title>\n<meta name=\"robots\" content=\"index, follow, max-snippet:-1, max-image-preview:large, max-video-preview:-1\" \/>\n<link rel=\"canonical\" href=\"https:\/\/arturszelag.pl\/?page_id=31\" \/>\n<meta property=\"og:locale\" content=\"pl_PL\" \/>\n<meta property=\"og:type\" content=\"article\" \/>\n<meta property=\"og:title\" content=\"CV - Freelancer Artur Szel\u0105g\" \/>\n<meta property=\"og:description\" content=\"Brak zajawki, poniewa\u017c wpis jest zabezpieczony has\u0142em.\" \/>\n<meta property=\"og:url\" content=\"https:\/\/arturszelag.pl\/?page_id=31\" \/>\n<meta property=\"og:site_name\" content=\"Freelancer Artur Szel\u0105g\" \/>\n<meta property=\"article:modified_time\" content=\"2021-07-11T21:06:53+00:00\" \/>\n<meta name=\"twitter:card\" content=\"summary_large_image\" \/>\n<meta name=\"twitter:label1\" content=\"Szacowany czas czytania\" \/>\n\t<meta name=\"twitter:data1\" content=\"1 minuta\" \/>\n<script type=\"application\/ld+json\" class=\"yoast-schema-graph\">{\"@context\":\"https:\/\/schema.org\",\"@graph\":[{\"@type\":\"WebPage\",\"@id\":\"https:\/\/arturszelag.pl\/?page_id=31\",\"url\":\"https:\/\/arturszelag.pl\/?page_id=31\",\"name\":\"CV - Freelancer Artur Szel\u0105g\",\"isPartOf\":{\"@id\":\"https:\/\/arturszelag.pl\/#website\"},\"datePublished\":\"2021-07-02T21:43:01+00:00\",\"dateModified\":\"2021-07-11T21:06:53+00:00\",\"breadcrumb\":{\"@id\":\"https:\/\/arturszelag.pl\/?page_id=31#breadcrumb\"},\"inLanguage\":\"pl-PL\"},{\"@type\":\"WebSite\",\"@id\":\"https:\/\/arturszelag.pl\/#website\",\"url\":\"https:\/\/arturszelag.pl\/\",\"name\":\"Freelancer Artur Szel\u0105g\",\"description\":\"\",\"publisher\":{\"@id\":\"https:\/\/arturszelag.pl\/#\/schema\/person\/b71c1301d06b16c7f449ce4d6904d5ec\"},\"potentialAction\":[{\"@type\":\"SearchAction\",\"target\":{\"@type\":\"EntryPoint\",\"urlTemplate\":\"https:\/\/arturszelag.pl\/?s={search_term_string}\"},\"query-input\":{\"@type\":\"PropertyValueSpecification\",\"valueRequired\":true,\"valueName\":\"search_term_string\"}}],\"inLanguage\":\"pl-PL\"}]}<\/script>\n<!-- \/ Yoast SEO plugin. -->","yoast_head_json":{"title":"CV - Freelancer Artur Szel\u0105g","robots":{"index":"index","follow":"follow","max-snippet":"max-snippet:-1","max-image-preview":"max-image-preview:large","max-video-preview":"max-video-preview:-1"},"canonical":"https:\/\/arturszelag.pl\/?page_id=31","og_locale":"pl_PL","og_type":"article","og_title":"CV - Freelancer Artur Szel\u0105g","og_description":"Brak zajawki, poniewa\u017c wpis jest zabezpieczony has\u0142em.","og_url":"https:\/\/arturszelag.pl\/?page_id=31","og_site_name":"Freelancer Artur Szel\u0105g","article_modified_time":"2021-07-11T21:06:53+00:00","twitter_card":"summary_large_image","twitter_misc":{"Szacowany czas czytania":"1 minuta"},"schema":{"@context":"https:\/\/schema.org","@graph":[{"@type":"WebPage","@id":"https:\/\/arturszelag.pl\/?page_id=31","url":"https:\/\/arturszelag.pl\/?page_id=31","name":"CV - Freelancer Artur Szel\u0105g","isPartOf":{"@id":"https:\/\/arturszelag.pl\/#website"},"datePublished":"2021-07-02T21:43:01+00:00","dateModified":"2021-07-11T21:06:53+00:00","breadcrumb":{"@id":"https:\/\/arturszelag.pl\/?page_id=31#breadcrumb"},"inLanguage":"pl-PL"},{"@type":"WebSite","@id":"https:\/\/arturszelag.pl\/#website","url":"https:\/\/arturszelag.pl\/","name":"Freelancer Artur Szel\u0105g","description":"","publisher":{"@id":"https:\/\/arturszelag.pl\/#\/schema\/person\/b71c1301d06b16c7f449ce4d6904d5ec"},"potentialAction":[{"@type":"SearchAction","target":{"@type":"EntryPoint","urlTemplate":"https:\/\/arturszelag.pl\/?s={search_term_string}"},"query-input":{"@type":"PropertyValueSpecification","valueRequired":true,"valueName":"search_term_string"}}],"inLanguage":"pl-PL"}]}},"_links":{"self":[{"href":"https:\/\/arturszelag.pl\/index.php?rest_route=\/wp\/v2\/pages\/31","targetHints":{"allow":["GET"]}}],"collection":[{"href":"https:\/\/arturszelag.pl\/index.php?rest_route=\/wp\/v2\/pages"}],"about":[{"href":"https:\/\/arturszelag.pl\/index.php?rest_route=\/wp\/v2\/types\/page"}],"author":[{"embeddable":true,"href":"https:\/\/arturszelag.pl\/index.php?rest_route=\/wp\/v2\/users\/1"}],"replies":[{"embeddable":true,"href":"https:\/\/arturszelag.pl\/index.php?rest_route=%2Fwp%2Fv2%2Fcomments&post=31"}],"version-history":[{"count":4,"href":"https:\/\/arturszelag.pl\/index.php?rest_route=\/wp\/v2\/pages\/31\/revisions"}],"predecessor-version":[{"id":219,"href":"https:\/\/arturszelag.pl\/index.php?rest_route=\/wp\/v2\/pages\/31\/revisions\/219"}],"wp:attachment":[{"href":"https:\/\/arturszelag.pl\/index.php?rest_route=%2Fwp%2Fv2%2Fmedia&parent=31"}],"curies":[{"name":"wp","href":"https:\/\/api.w.org\/{rel}","templated":true}]}}